{"id":990102921,"date":"2023-06-09T15:57:41","date_gmt":"2023-06-09T13:57:41","guid":{"rendered":"https:\/\/popovalbert.com\/biography\/"},"modified":"2023-11-01T11:05:44","modified_gmt":"2023-11-01T09:05:44","slug":"biography","status":"publish","type":"page","link":"https:\/\/popovalbert.com\/de\/biography\/","title":{"rendered":"Biografie"},"content":{"rendered":"<p>{&#8222;main-title&#8220;:{&#8222;component&#8220;:&#8220;hc_title&#8220;,&#8220;id&#8220;:&#8220;main-title&#8220;,&#8220;title&#8220;:&#8220;&#8220;,&#8220;subtitle&#8220;:&#8220;Eine Zusammenfassung mit Highlights meiner Karriere&#8220;,&#8220;title_content&#8220;:{&#8222;component&#8220;:&#8220;hc_title_image&#8220;,&#8220;id&#8220;:&#8220;title-image&#8220;,&#8220;image&#8220;:&#8220;https:\/\/popovalbert.com\/wp-content\/uploads\/2023\/06\/Screenshot-2023-06-24-at-17.02.31-1024&#215;414.png|464|1148|990101315&#8243;,&#8220;full_screen&#8220;:false,&#8220;full_screen_height&#8220;:&#8220;&#8220;,&#8220;parallax&#8220;:false,&#8220;bleed&#8220;:&#8220;&#8220;,&#8220;ken_burn&#8220;:&#8220;&#8220;,&#8220;breadcrumbs&#8220;:false,&#8220;light&#8220;:false,&#8220;alignment&#8220;:&#8220;&#8220;}},&#8220;section_5ZtkF&#8220;:{&#8222;component&#8220;:&#8220;hc_section&#8220;,&#8220;id&#8220;:&#8220;section_5ZtkF&#8220;,&#8220;section_width&#8220;:&#8220;&#8220;,&#8220;animation&#8220;:&#8220;&#8220;,&#8220;animation_time&#8220;:&#8220;&#8220;,&#8220;timeline_animation&#8220;:&#8220;&#8220;,&#8220;timeline_delay&#8220;:&#8220;&#8220;,&#8220;timeline_order&#8220;:&#8220;&#8220;,&#8220;vertical_row&#8220;:&#8220;&#8220;,&#8220;css_classes&#8220;:&#8220;&#8220;,&#8220;custom_css_classes&#8220;:&#8220;&#8220;,&#8220;custom_css_styles&#8220;:&#8220;&#8220;,&#8220;section_content&#8220;:[{&#8222;component&#8220;:&#8220;hc_column&#8220;,&#8220;id&#8220;:&#8220;column_KYbSB&#8220;,&#8220;column_width&#8220;:&#8220;col-md-8&#8243;,&#8220;animation&#8220;:&#8220;&#8220;,&#8220;animation_time&#8220;:&#8220;&#8220;,&#8220;timeline_animation&#8220;:&#8220;&#8220;,&#8220;timeline_delay&#8220;:&#8220;&#8220;,&#8220;timeline_order&#8220;:&#8220;&#8220;,&#8220;css_classes&#8220;:&#8220;&#8220;,&#8220;custom_css_classes&#8220;:&#8220;&#8220;,&#8220;custom_css_styles&#8220;:&#8220;&#8220;,&#8220;main_content&#8220;:[{&#8222;component&#8220;:&#8220;hc_timeline&#8220;,&#8220;id&#8220;:&#8220;lHJWq&#8220;,&#8220;css_classes&#8220;:&#8220;&#8220;,&#8220;custom_css_classes&#8220;:&#8220;&#8220;,&#8220;custom_css_styles&#8220;:&#8220;&#8220;,&#8220;rows&#8220;:[{&#8222;component&#8220;:&#8220;repeater_item&#8220;,&#8220;id&#8220;:&#8220;pVLkd&#8220;,&#8220;title&#8220;:&#8220;ERSTES PODIUM IM WELTCUP 2023&#8243;,&#8220;content&#8220;:&#8220;2023 erreichte ich in Palisades, Tahoe (USA) zum ersten Mal in meiner Karriere das Weltcup-Podium und belegte den 3. Platz.\\n\\n\\n\\n\\n\\n&#8220;,&#8220;position&#8220;:&#8220;&#8220;,&#8220;date&#8220;:&#8220;2023&#8243;,&#8220;date_subtitle&#8220;:&#8220;Der Traum&#8220;},{&#8222;component&#8220;:&#8220;repeater_item&#8220;,&#8220;id&#8220;:&#8220;8tnLc&#8220;,&#8220;title&#8220;:&#8220;ERSTE WELTCUPPUNKTE 2019&#8243;,&#8220;content&#8220;:&#8220;Nach der Qualifikation begann die Teilnahme an den Weltcuprennen. Gleich beim ersten Slalomrennen in Levi (FIN) im Jahr 2019 gelang es mir, mich zu qualifizieren und den 20. Platz zu belegen, was mir meine ersten Weltcuppunkte einbrachte. In derselben Saison erzielte ich f\u00fcr Bulgarien die besten Ergebnisse im alpinen Skisport seit den Rennen von Peter Popangelov in den 80er Jahren.\\n&#8220;,&#8220;position&#8220;:&#8220;right&#8220;,&#8220;date&#8220;:&#8220;2019&#8243;,&#8220;date_subtitle&#8220;:&#8220;Der Aufstieg&#8220;},{&#8222;component&#8220;:&#8220;repeater_item&#8220;,&#8220;id&#8220;:&#8220;cq7WA&#8220;,&#8220;title&#8220;:&#8220;FIS JUNIOR WORLD CHAMPIONSHIP 2018&#8243;,&#8220;content&#8220;:&#8220;Nach einem Jahr der Erholung und hartem Training kehrte ich zum Sport zur\u00fcck und gewann langsam mein Selbstvertrauen zur\u00fcck. 2018 wurde ich Bronzemedaillengewinner im Riesenslalom bei der FIS Junioren-Skiweltmeisterschaft in Davos (SUI).&#8220;,&#8220;position&#8220;:&#8220;&#8220;,&#8220;date&#8220;:&#8220;2018&#8243;,&#8220;date_subtitle&#8220;:&#8220;Das Zur\u00fcckkommen&#8220;},{&#8222;component&#8220;:&#8220;repeater_item&#8220;,&#8220;id&#8220;:&#8220;KRDm3&#8243;,&#8220;title&#8220;:&#8220;S\u00d6LDEN NOVEMBER 2015&#8243;,&#8220;content&#8220;:&#8220;Am 17. November 2015, w\u00e4hrend eines Vorbereitungslagers in S\u00f6lden (AUT), war ein Teil unseres Skiteams, darunter auch ich, in einen schrecklichen Autounfall verwickelt, bei dem wir mehr als 300 m vom H\u00fcgel st\u00fcrzten. Leider ist der Cheftrainer Drago Grubelnik verstorben. Ich und der zweite Trainer Dimitar Hristov wurden schwer verletzt.\\n&#8220;,&#8220;position&#8220;:&#8220;right&#8220;,&#8220;date&#8220;:&#8220;2015&#8243;,&#8220;date_subtitle&#8220;:&#8220;Der Absturz&#8220;},{&#8222;component&#8220;:&#8220;repeater_item&#8220;,&#8220;id&#8220;:&#8220;OMJyg&#8220;,&#8220;title&#8220;:&#8220;KINDERRENNEN&#8220;,&#8220;content&#8220;:&#8220;Ich begann, an ber\u00fchmten internationalen Kinderwettbewerben teilzunehmen, weil ich das Gef\u00fchl hatte, dass dies mein Weg sei. Zwischen 2010 und 2013 habe ich einige der beliebtesten Rennen wie Trofeo Topolino (ITA), Skofja Loka (SLO), Val d&#8217;Isere (FRA) und Pinocchio (ITA) gewonnen.\\n\\n&#8220;,&#8220;position&#8220;:&#8220;&#8220;,&#8220;date&#8220;:&#8220;2012&#8243;,&#8220;date_subtitle&#8220;:&#8220;Der Aufgang&#8220;},{&#8222;component&#8220;:&#8220;repeater_item&#8220;,&#8220;id&#8220;:&#8220;DxVbM&#8220;,&#8220;title&#8220;:&#8220;WINTER 1999&#8243;,&#8220;content&#8220;:&#8220;Meine ersten Schritte auf Skiern machte ich auf dem Vitosha-Berg, als ich erst 2 Jahre alt war. Die Aleko-H\u00fctte liegt 30 Minuten von Sofia, meiner Heimatstadt, entfernt und ist der Ort meiner ersten Skischw\u00fcnge. Ich war damals bei der Skischule Moten angemeldet und vertrete den Verein noch immer.\\n\\n&#8220;,&#8220;position&#8220;:&#8220;right&#8220;,&#8220;date&#8220;:&#8220;1999&#8243;,&#8220;date_subtitle&#8220;:&#8220;Der Anfang&#8220;}]}]},{&#8222;component&#8220;:&#8220;hc_column&#8220;,&#8220;id&#8220;:&#8220;column_NQeYU&#8220;,&#8220;column_width&#8220;:&#8220;col-md-4&#8243;,&#8220;animation&#8220;:&#8220;&#8220;,&#8220;animation_time&#8220;:&#8220;&#8220;,&#8220;timeline_animation&#8220;:&#8220;&#8220;,&#8220;timeline_delay&#8220;:&#8220;&#8220;,&#8220;timeline_order&#8220;:&#8220;&#8220;,&#8220;css_classes&#8220;:&#8220;&#8220;,&#8220;custom_css_classes&#8220;:&#8220;&#8220;,&#8220;custom_css_styles&#8220;:&#8220;&#8220;,&#8220;main_content&#8220;:[{&#8222;component&#8220;:&#8220;hc_image&#8220;,&#8220;id&#8220;:&#8220;JsEv8&#8243;,&#8220;css_classes&#8220;:&#8220;&#8220;,&#8220;custom_css_classes&#8220;:&#8220;&#8220;,&#8220;custom_css_styles&#8220;:&#8220;&#8220;,&#8220;image&#8220;:&#8220;https:\/\/popovalbert.com\/wp-content\/uploads\/2023\/06\/518f945320f90f1bb119d302f2eeef8d-1024&#215;615.webp|1537|2560|990102626&#8243;,&#8220;alt&#8220;:&#8220;&#8220;,&#8220;thumb_size&#8220;:&#8220;full&#8220;},{&#8222;component&#8220;:&#8220;hc_title_tag&#8220;,&#8220;id&#8220;:&#8220;aUoEV&#8220;,&#8220;css_classes&#8220;:&#8220;align-center &#8222;,&#8220;custom_css_classes&#8220;:&#8220;&#8220;,&#8220;custom_css_styles&#8220;:&#8220;&#8220;,&#8220;text&#8220;:&#8220;ERSTES PODIUM IM WELTCUP&#8220;,&#8220;tag&#8220;:&#8220;h3&#8243;},{&#8222;component&#8220;:&#8220;hc_separator&#8220;,&#8220;id&#8220;:&#8220;ioUeb&#8220;,&#8220;css_classes&#8220;:&#8220;&#8220;,&#8220;custom_css_classes&#8220;:&#8220;&#8220;,&#8220;custom_css_styles&#8220;:&#8220;&#8220;},{&#8222;component&#8220;:&#8220;hc_image&#8220;,&#8220;id&#8220;:&#8220;pkHk2&#8243;,&#8220;css_classes&#8220;:&#8220;&#8220;,&#8220;custom_css_classes&#8220;:&#8220;&#8220;,&#8220;custom_css_styles&#8220;:&#8220;&#8220;,&#8220;image&#8220;:&#8220;https:\/\/popovalbert.com\/wp-content\/uploads\/2023\/06\/2019.jpeg|602|953|990102674&#8243;,&#8220;alt&#8220;:&#8220;&#8220;,&#8220;thumb_size&#8220;:&#8220;full&#8220;},{&#8222;component&#8220;:&#8220;hc_title_tag&#8220;,&#8220;id&#8220;:&#8220;ArplU&#8220;,&#8220;css_classes&#8220;:&#8220;align-center &#8222;,&#8220;custom_css_classes&#8220;:&#8220;&#8220;,&#8220;custom_css_styles&#8220;:&#8220;&#8220;,&#8220;text&#8220;:&#8220;ERSTE WELTCUPPUNKTE 2019&#8243;,&#8220;tag&#8220;:&#8220;h3&#8243;},{&#8222;component&#8220;:&#8220;hc_separator&#8220;,&#8220;id&#8220;:&#8220;Faw9h&#8220;,&#8220;css_classes&#8220;:&#8220;&#8220;,&#8220;custom_css_classes&#8220;:&#8220;&#8220;,&#8220;custom_css_styles&#8220;:&#8220;&#8220;},{&#8222;component&#8220;:&#8220;hc_image&#8220;,&#8220;id&#8220;:&#8220;6B1yH&#8220;,&#8220;css_classes&#8220;:&#8220;&#8220;,&#8220;custom_css_classes&#8220;:&#8220;&#8220;,&#8220;custom_css_styles&#8220;:&#8220;&#8220;,&#8220;image&#8220;:&#8220;https:\/\/popovalbert.com\/wp-content\/uploads\/2023\/06\/davos.jpeg|591|788|990102665&#8243;,&#8220;alt&#8220;:&#8220;&#8220;,&#8220;thumb_size&#8220;:&#8220;full&#8220;},{&#8222;component&#8220;:&#8220;hc_title_tag&#8220;,&#8220;id&#8220;:&#8220;uZO0g&#8220;,&#8220;css_classes&#8220;:&#8220;align-center &#8222;,&#8220;custom_css_classes&#8220;:&#8220;&#8220;,&#8220;custom_css_styles&#8220;:&#8220;&#8220;,&#8220;text&#8220;:&#8220;FIS JUNIOR WORLD CHAMPIONSHIP 2018&#8243;,&#8220;tag&#8220;:&#8220;h3&#8243;},{&#8222;component&#8220;:&#8220;hc_separator&#8220;,&#8220;id&#8220;:&#8220;QiSAm&#8220;,&#8220;css_classes&#8220;:&#8220;&#8220;,&#8220;custom_css_classes&#8220;:&#8220;&#8220;,&#8220;custom_css_styles&#8220;:&#8220;&#8220;},{&#8222;component&#8220;:&#8220;hc_image&#8220;,&#8220;id&#8220;:&#8220;UPbXR&#8220;,&#8220;css_classes&#8220;:&#8220;&#8220;,&#8220;custom_css_classes&#8220;:&#8220;&#8220;,&#8220;custom_css_styles&#8220;:&#8220;&#8220;,&#8220;image&#8220;:&#8220;https:\/\/popovalbert.com\/wp-content\/uploads\/2023\/06\/crash-1024&#215;768.webp|960|1280|990102671&#8243;,&#8220;alt&#8220;:&#8220;&#8220;,&#8220;thumb_size&#8220;:&#8220;full&#8220;},{&#8222;component&#8220;:&#8220;hc_title_tag&#8220;,&#8220;id&#8220;:&#8220;Bfe4S&#8220;,&#8220;css_classes&#8220;:&#8220;align-center &#8222;,&#8220;custom_css_classes&#8220;:&#8220;&#8220;,&#8220;custom_css_styles&#8220;:&#8220;&#8220;,&#8220;text&#8220;:&#8220;S\u00d6LDEN NOVEMBER 2015&#8243;,&#8220;tag&#8220;:&#8220;h3&#8243;},{&#8222;component&#8220;:&#8220;hc_separator&#8220;,&#8220;id&#8220;:&#8220;PPUxt&#8220;,&#8220;css_classes&#8220;:&#8220;&#8220;,&#8220;custom_css_classes&#8220;:&#8220;&#8220;,&#8220;custom_css_styles&#8220;:&#8220;&#8220;},{&#8222;component&#8220;:&#8220;hc_image&#8220;,&#8220;id&#8220;:&#8220;d6bIv&#8220;,&#8220;css_classes&#8220;:&#8220;&#8220;,&#8220;custom_css_classes&#8220;:&#8220;&#8220;,&#8220;custom_css_styles&#8220;:&#8220;&#8220;,&#8220;image&#8220;:&#8220;https:\/\/popovalbert.com\/wp-content\/uploads\/2023\/06\/topolino2.jpeg|638|960|990102668&#8243;,&#8220;alt&#8220;:&#8220;&#8220;,&#8220;thumb_size&#8220;:&#8220;full&#8220;},{&#8222;component&#8220;:&#8220;hc_title_tag&#8220;,&#8220;id&#8220;:&#8220;hgDvL&#8220;,&#8220;css_classes&#8220;:&#8220;align-center &#8222;,&#8220;custom_css_classes&#8220;:&#8220;&#8220;,&#8220;custom_css_styles&#8220;:&#8220;&#8220;,&#8220;text&#8220;:&#8220;KINDERRENNEN&#8220;,&#8220;tag&#8220;:&#8220;h3&#8243;},{&#8222;component&#8220;:&#8220;hc_separator&#8220;,&#8220;id&#8220;:&#8220;qlVGf&#8220;,&#8220;css_classes&#8220;:&#8220;&#8220;,&#8220;custom_css_classes&#8220;:&#8220;&#8220;,&#8220;custom_css_styles&#8220;:&#8220;&#8220;},{&#8222;component&#8220;:&#8220;hc_image&#8220;,&#8220;id&#8220;:&#8220;ENGeZ&#8220;,&#8220;css_classes&#8220;:&#8220;&#8220;,&#8220;custom_css_classes&#8220;:&#8220;&#8220;,&#8220;custom_css_styles&#8220;:&#8220;&#8220;,&#8220;image&#8220;:&#8220;https:\/\/popovalbert.com\/wp-content\/uploads\/2023\/06\/354536029_1162610688465011_245229426047900875_n.jpg|716|917|990102677&#8243;,&#8220;alt&#8220;:&#8220;&#8220;,&#8220;thumb_size&#8220;:&#8220;full&#8220;},{&#8222;component&#8220;:&#8220;hc_title_tag&#8220;,&#8220;id&#8220;:&#8220;hC05Z&#8220;,&#8220;css_classes&#8220;:&#8220;align-center &#8222;,&#8220;custom_css_classes&#8220;:&#8220;&#8220;,&#8220;custom_css_styles&#8220;:&#8220;&#8220;,&#8220;text&#8220;:&#8220;WINTER 1999&#8243;,&#8220;tag&#8220;:&#8220;h3&#8243;}]}],&#8220;section_settings&#8220;:&#8220;&#8220;},&#8220;scripts&#8220;:{&#8222;components&#8220;:&#8220;tab-accordion.js&#8220;},&#8220;css&#8220;:{},&#8220;css_page&#8220;:&#8220;&#8220;,&#8220;template_setting&#8220;:{},&#8220;template_setting_top&#8220;:{},&#8220;page_setting&#8220;:{&#8222;settings&#8220;:[&#8222;lock-mode-off&#8220;]}}<\/p>\n","protected":false},"excerpt":{"rendered":"<p>{&#8222;main-title&#8220;:{&#8222;component&#8220;:&#8220;hc_title&#8220;,&#8220;id&#8220;:&#8220;main-title&#8220;,&#8220;title&#8220;:&#8220;&#8220;,&#8220;subtitle&#8220;:&#8220;Eine Zusammenfassung mit Highlights meiner Karriere&#8220;,&#8220;title_content&#8220;:{&#8222;component&#8220;:&#8220;hc_title_image&#8220;,&#8220;id&#8220;:&#8220;title-image&#8220;,&#8220;image&#8220;:&#8220;https:\/\/popovalbert.com\/wp-content\/uploads\/2023\/06\/Screenshot-2023-06-24-at-17.02.31-1024&#215;414.png|464|1148|990101315&#8243;,&#8220;full_screen&#8220;:false,&#8220;full_screen_height&#8220;:&#8220;&#8220;,&#8220;parallax&#8220;:false,&#8220;bleed&#8220;:&#8220;&#8220;,&#8220;ken_burn&#8220;:&#8220;&#8220;,&#8220;breadcrumbs&#8220;:false,&#8220;light&#8220;:false,&#8220;alignment&#8220;:&#8220;&#8220;}},&#8220;section_5ZtkF&#8220;:{&#8222;component&#8220;:&#8220;hc_section&#8220;,&#8220;id&#8220;:&#8220;section_5ZtkF&#8220;,&#8220;section_width&#8220;:&#8220;&#8220;,&#8220;animation&#8220;:&#8220;&#8220;,&#8220;animation_time&#8220;:&#8220;&#8220;,&#8220;timeline_animation&#8220;:&#8220;&#8220;,&#8220;timeline_delay&#8220;:&#8220;&#8220;,&#8220;timeline_order&#8220;:&#8220;&#8220;,&#8220;vertical_row&#8220;:&#8220;&#8220;,&#8220;css_classes&#8220;:&#8220;&#8220;,&#8220;custom_css_classes&#8220;:&#8220;&#8220;,&#8220;custom_css_styles&#8220;:&#8220;&#8220;,&#8220;section_content&#8220;:[{&#8222;component&#8220;:&#8220;hc_column&#8220;,&#8220;id&#8220;:&#8220;column_KYbSB&#8220;,&#8220;column_width&#8220;:&#8220;col-md-8&#8243;,&#8220;animation&#8220;:&#8220;&#8220;,&#8220;animation_time&#8220;:&#8220;&#8220;,&#8220;timeline_animation&#8220;:&#8220;&#8220;,&#8220;timeline_delay&#8220;:&#8220;&#8220;,&#8220;timeline_order&#8220;:&#8220;&#8220;,&#8220;css_classes&#8220;:&#8220;&#8220;,&#8220;custom_css_classes&#8220;:&#8220;&#8220;,&#8220;custom_css_styles&#8220;:&#8220;&#8220;,&#8220;main_content&#8220;:[{&#8222;component&#8220;:&#8220;hc_timeline&#8220;,&#8220;id&#8220;:&#8220;lHJWq&#8220;,&#8220;css_classes&#8220;:&#8220;&#8220;,&#8220;custom_css_classes&#8220;:&#8220;&#8220;,&#8220;custom_css_styles&#8220;:&#8220;&#8220;,&#8220;rows&#8220;:[{&#8222;component&#8220;:&#8220;repeater_item&#8220;,&#8220;id&#8220;:&#8220;pVLkd&#8220;,&#8220;title&#8220;:&#8220;ERSTES PODIUM IM WELTCUP 2023&#8243;,&#8220;content&#8220;:&#8220;2023 erreichte ich in Palisades, Tahoe (USA) zum ersten Mal in meiner Karriere das Weltcup-Podium und belegte den 3. Platz.\\n\\n\\n\\n\\n\\n&#8220;,&#8220;position&#8220;:&#8220;&#8220;,&#8220;date&#8220;:&#8220;2023&#8243;,&#8220;date_subtitle&#8220;:&#8220;Der Traum&#8220;},{&#8222;component&#8220;:&#8220;repeater_item&#8220;,&#8220;id&#8220;:&#8220;8tnLc&#8220;,&#8220;title&#8220;:&#8220;ERSTE WELTCUPPUNKTE 2019&#8243;,&#8220;content&#8220;:&#8220;Nach der Qualifikation begann die Teilnahme an den Weltcuprennen. Gleich beim ersten Slalomrennen in Levi (FIN) im Jahr 2019 gelang es mir, mich zu [&hellip;]<\/p>\n","protected":false},"author":1,"featured_media":990104178,"parent":0,"menu_order":0,"comment_status":"closed","ping_status":"closed","template":"","meta":{"_monsterinsights_skip_tracking":false,"_monsterinsights_sitenote_active":false,"_monsterinsights_sitenote_note":"","_monsterinsights_sitenote_category":0,"_uf_show_specific_survey":0,"_uf_disable_surveys":false,"footnotes":""},"class_list":["post-990102921","page","type-page","status-publish","has-post-thumbnail","hentry"],"yoast_head":"<!-- This site is optimized with the Yoast SEO plugin v26.3 - https:\/\/yoast.com\/wordpress\/plugins\/seo\/ -->\n<title>Biografie - Albert Popov<\/title>\n<meta name=\"description\" content=\"Albert Popov Biografie mit den Momenten, die ihn als Sportler gepr\u00e4gt haben, und den wichtigsten Erfolgen seiner Karriere.\" \/>\n<meta name=\"robots\" content=\"index, follow, max-snippet:-1, max-image-preview:large, max-video-preview:-1\" \/>\n<link rel=\"canonical\" href=\"https:\/\/popovalbert.com\/de\/biography\/\" \/>\n<meta property=\"og:locale\" content=\"de_DE\" \/>\n<meta property=\"og:type\" content=\"article\" \/>\n<meta property=\"og:title\" content=\"Biografie - Albert Popov\" \/>\n<meta property=\"og:description\" content=\"Albert Popov Biografie mit den Momenten, die ihn als Sportler gepr\u00e4gt haben, und den wichtigsten Erfolgen seiner Karriere.\" \/>\n<meta property=\"og:url\" content=\"https:\/\/popovalbert.com\/de\/biography\/\" \/>\n<meta property=\"og:site_name\" content=\"Albert Popov\" \/>\n<meta property=\"article:modified_time\" content=\"2023-11-01T09:05:44+00:00\" \/>\n<meta property=\"og:image\" content=\"https:\/\/popovalbert.com\/wp-content\/uploads\/2023\/10\/Submark_Vermilion.png\" \/>\n\t<meta property=\"og:image:width\" content=\"1281\" \/>\n\t<meta property=\"og:image:height\" content=\"1316\" \/>\n\t<meta property=\"og:image:type\" content=\"image\/png\" \/>\n<meta name=\"twitter:card\" content=\"summary_large_image\" \/>\n<meta name=\"twitter:label1\" content=\"Gesch\u00e4tzte Lesezeit\" \/>\n\t<meta name=\"twitter:data1\" content=\"2\u00a0Minuten\" \/>\n<script type=\"application\/ld+json\" class=\"yoast-schema-graph\">{\"@context\":\"https:\/\/schema.org\",\"@graph\":[{\"@type\":\"WebPage\",\"@id\":\"https:\/\/popovalbert.com\/de\/biography\/\",\"url\":\"https:\/\/popovalbert.com\/de\/biography\/\",\"name\":\"Biografie - Albert Popov\",\"isPartOf\":{\"@id\":\"https:\/\/popovalbert.com\/de\/#website\"},\"primaryImageOfPage\":{\"@id\":\"https:\/\/popovalbert.com\/de\/biography\/#primaryimage\"},\"image\":{\"@id\":\"https:\/\/popovalbert.com\/de\/biography\/#primaryimage\"},\"thumbnailUrl\":\"https:\/\/popovalbert.com\/wp-content\/uploads\/2023\/10\/Submark_Vermilion.png\",\"datePublished\":\"2023-06-09T13:57:41+00:00\",\"dateModified\":\"2023-11-01T09:05:44+00:00\",\"description\":\"Albert Popov Biografie mit den Momenten, die ihn als Sportler gepr\u00e4gt haben, und den wichtigsten Erfolgen seiner Karriere.\",\"breadcrumb\":{\"@id\":\"https:\/\/popovalbert.com\/de\/biography\/#breadcrumb\"},\"inLanguage\":\"de\",\"potentialAction\":[{\"@type\":\"ReadAction\",\"target\":[\"https:\/\/popovalbert.com\/de\/biography\/\"]}]},{\"@type\":\"ImageObject\",\"inLanguage\":\"de\",\"@id\":\"https:\/\/popovalbert.com\/de\/biography\/#primaryimage\",\"url\":\"https:\/\/popovalbert.com\/wp-content\/uploads\/2023\/10\/Submark_Vermilion.png\",\"contentUrl\":\"https:\/\/popovalbert.com\/wp-content\/uploads\/2023\/10\/Submark_Vermilion.png\",\"width\":1281,\"height\":1316},{\"@type\":\"BreadcrumbList\",\"@id\":\"https:\/\/popovalbert.com\/de\/biography\/#breadcrumb\",\"itemListElement\":[{\"@type\":\"ListItem\",\"position\":1,\"name\":\"Home\",\"item\":\"https:\/\/popovalbert.com\/de\/\"},{\"@type\":\"ListItem\",\"position\":2,\"name\":\"Biografie\"}]},{\"@type\":\"WebSite\",\"@id\":\"https:\/\/popovalbert.com\/de\/#website\",\"url\":\"https:\/\/popovalbert.com\/de\/\",\"name\":\"Albert Popov\",\"description\":\"Adjusting the altitude\",\"publisher\":{\"@id\":\"https:\/\/popovalbert.com\/de\/#\/schema\/person\/d193c88ec89b37effbf9dd0771d0c334\"},\"potentialAction\":[{\"@type\":\"SearchAction\",\"target\":{\"@type\":\"EntryPoint\",\"urlTemplate\":\"https:\/\/popovalbert.com\/de\/?s={search_term_string}\"},\"query-input\":{\"@type\":\"PropertyValueSpecification\",\"valueRequired\":true,\"valueName\":\"search_term_string\"}}],\"inLanguage\":\"de\"},{\"@type\":[\"Person\",\"Organization\"],\"@id\":\"https:\/\/popovalbert.com\/de\/#\/schema\/person\/d193c88ec89b37effbf9dd0771d0c334\",\"name\":\"Team Albert Popov\",\"image\":{\"@type\":\"ImageObject\",\"inLanguage\":\"de\",\"@id\":\"https:\/\/popovalbert.com\/de\/#\/schema\/person\/image\/\",\"url\":\"https:\/\/popovalbert.com\/wp-content\/uploads\/2023\/06\/Icon_Vermilion.png\",\"contentUrl\":\"https:\/\/popovalbert.com\/wp-content\/uploads\/2023\/06\/Icon_Vermilion.png\",\"width\":1281,\"height\":734,\"caption\":\"Team Albert Popov\"},\"logo\":{\"@id\":\"https:\/\/popovalbert.com\/de\/#\/schema\/person\/image\/\"},\"sameAs\":[\"https:\/\/popovalbert.com\"]}]}<\/script>\n<!-- \/ Yoast SEO plugin. -->","yoast_head_json":{"title":"Biografie - Albert Popov","description":"Albert Popov Biografie mit den Momenten, die ihn als Sportler gepr\u00e4gt haben, und den wichtigsten Erfolgen seiner Karriere.","robots":{"index":"index","follow":"follow","max-snippet":"max-snippet:-1","max-image-preview":"max-image-preview:large","max-video-preview":"max-video-preview:-1"},"canonical":"https:\/\/popovalbert.com\/de\/biography\/","og_locale":"de_DE","og_type":"article","og_title":"Biografie - Albert Popov","og_description":"Albert Popov Biografie mit den Momenten, die ihn als Sportler gepr\u00e4gt haben, und den wichtigsten Erfolgen seiner Karriere.","og_url":"https:\/\/popovalbert.com\/de\/biography\/","og_site_name":"Albert Popov","article_modified_time":"2023-11-01T09:05:44+00:00","og_image":[{"width":1281,"height":1316,"url":"https:\/\/popovalbert.com\/wp-content\/uploads\/2023\/10\/Submark_Vermilion.png","type":"image\/png"}],"twitter_card":"summary_large_image","twitter_misc":{"Gesch\u00e4tzte Lesezeit":"2\u00a0Minuten"},"schema":{"@context":"https:\/\/schema.org","@graph":[{"@type":"WebPage","@id":"https:\/\/popovalbert.com\/de\/biography\/","url":"https:\/\/popovalbert.com\/de\/biography\/","name":"Biografie - Albert Popov","isPartOf":{"@id":"https:\/\/popovalbert.com\/de\/#website"},"primaryImageOfPage":{"@id":"https:\/\/popovalbert.com\/de\/biography\/#primaryimage"},"image":{"@id":"https:\/\/popovalbert.com\/de\/biography\/#primaryimage"},"thumbnailUrl":"https:\/\/popovalbert.com\/wp-content\/uploads\/2023\/10\/Submark_Vermilion.png","datePublished":"2023-06-09T13:57:41+00:00","dateModified":"2023-11-01T09:05:44+00:00","description":"Albert Popov Biografie mit den Momenten, die ihn als Sportler gepr\u00e4gt haben, und den wichtigsten Erfolgen seiner Karriere.","breadcrumb":{"@id":"https:\/\/popovalbert.com\/de\/biography\/#breadcrumb"},"inLanguage":"de","potentialAction":[{"@type":"ReadAction","target":["https:\/\/popovalbert.com\/de\/biography\/"]}]},{"@type":"ImageObject","inLanguage":"de","@id":"https:\/\/popovalbert.com\/de\/biography\/#primaryimage","url":"https:\/\/popovalbert.com\/wp-content\/uploads\/2023\/10\/Submark_Vermilion.png","contentUrl":"https:\/\/popovalbert.com\/wp-content\/uploads\/2023\/10\/Submark_Vermilion.png","width":1281,"height":1316},{"@type":"BreadcrumbList","@id":"https:\/\/popovalbert.com\/de\/biography\/#breadcrumb","itemListElement":[{"@type":"ListItem","position":1,"name":"Home","item":"https:\/\/popovalbert.com\/de\/"},{"@type":"ListItem","position":2,"name":"Biografie"}]},{"@type":"WebSite","@id":"https:\/\/popovalbert.com\/de\/#website","url":"https:\/\/popovalbert.com\/de\/","name":"Albert Popov","description":"Adjusting the altitude","publisher":{"@id":"https:\/\/popovalbert.com\/de\/#\/schema\/person\/d193c88ec89b37effbf9dd0771d0c334"},"potentialAction":[{"@type":"SearchAction","target":{"@type":"EntryPoint","urlTemplate":"https:\/\/popovalbert.com\/de\/?s={search_term_string}"},"query-input":{"@type":"PropertyValueSpecification","valueRequired":true,"valueName":"search_term_string"}}],"inLanguage":"de"},{"@type":["Person","Organization"],"@id":"https:\/\/popovalbert.com\/de\/#\/schema\/person\/d193c88ec89b37effbf9dd0771d0c334","name":"Team Albert Popov","image":{"@type":"ImageObject","inLanguage":"de","@id":"https:\/\/popovalbert.com\/de\/#\/schema\/person\/image\/","url":"https:\/\/popovalbert.com\/wp-content\/uploads\/2023\/06\/Icon_Vermilion.png","contentUrl":"https:\/\/popovalbert.com\/wp-content\/uploads\/2023\/06\/Icon_Vermilion.png","width":1281,"height":734,"caption":"Team Albert Popov"},"logo":{"@id":"https:\/\/popovalbert.com\/de\/#\/schema\/person\/image\/"},"sameAs":["https:\/\/popovalbert.com"]}]}},"_links":{"self":[{"href":"https:\/\/popovalbert.com\/de\/wp-json\/wp\/v2\/pages\/990102921","targetHints":{"allow":["GET"]}}],"collection":[{"href":"https:\/\/popovalbert.com\/de\/wp-json\/wp\/v2\/pages"}],"about":[{"href":"https:\/\/popovalbert.com\/de\/wp-json\/wp\/v2\/types\/page"}],"author":[{"embeddable":true,"href":"https:\/\/popovalbert.com\/de\/wp-json\/wp\/v2\/users\/1"}],"replies":[{"embeddable":true,"href":"https:\/\/popovalbert.com\/de\/wp-json\/wp\/v2\/comments?post=990102921"}],"version-history":[{"count":2,"href":"https:\/\/popovalbert.com\/de\/wp-json\/wp\/v2\/pages\/990102921\/revisions"}],"predecessor-version":[{"id":990104239,"href":"https:\/\/popovalbert.com\/de\/wp-json\/wp\/v2\/pages\/990102921\/revisions\/990104239"}],"wp:featuredmedia":[{"embeddable":true,"href":"https:\/\/popovalbert.com\/de\/wp-json\/wp\/v2\/media\/990104178"}],"wp:attachment":[{"href":"https:\/\/popovalbert.com\/de\/wp-json\/wp\/v2\/media?parent=990102921"}],"curies":[{"name":"wp","href":"https:\/\/api.w.org\/{rel}","templated":true}]}}