{"id":990104293,"date":"2023-12-08T10:43:58","date_gmt":"2023-12-08T08:43:58","guid":{"rendered":"https:\/\/popovalbert.com\/evenements-passes\/"},"modified":"2023-12-08T10:46:59","modified_gmt":"2023-12-08T08:46:59","slug":"evenements-passes","status":"publish","type":"page","link":"https:\/\/popovalbert.com\/fr\/evenements-passes\/","title":{"rendered":"\u00c9v\u00e9nements pass\u00e9s"},"content":{"rendered":"<p>{\u00ab\u00a0main-title\u00a0\u00bb:{\u00ab\u00a0component\u00a0\u00bb:\u00a0\u00bbhc_title\u00a0\u00bb,\u00a0\u00bbid\u00a0\u00bb:\u00a0\u00bbmain-title\u00a0\u00bb,\u00a0\u00bbtitle\u00a0\u00bb:\u00a0\u00bb\u00a0\u00bb,\u00a0\u00bbsubtitle\u00a0\u00bb:\u00a0\u00bb\u00c9v\u00e9nements pass\u00e9s de cette saison\u00a0\u00bb,\u00a0\u00bbtitle_content\u00a0\u00bb:{\u00ab\u00a0component\u00a0\u00bb:\u00a0\u00bbhc_title_image\u00a0\u00bb,\u00a0\u00bbid\u00a0\u00bb:\u00a0\u00bbtitle-image\u00a0\u00bb,\u00a0\u00bbimage\u00a0\u00bb:\u00a0\u00bbhttps:\/\/popovalbert.com\/wp-content\/uploads\/2023\/06\/Screenshot-2023-06-24-at-17.02.31-1024&#215;414.png|464|1148|990101315&Prime;,\u00a0\u00bbfull_screen\u00a0\u00bb:false,\u00a0\u00bbfull_screen_height\u00a0\u00bb:\u00a0\u00bb\u00a0\u00bb,\u00a0\u00bbparallax\u00a0\u00bb:false,\u00a0\u00bbbleed\u00a0\u00bb:\u00a0\u00bb\u00a0\u00bb,\u00a0\u00bbken_burn\u00a0\u00bb:\u00a0\u00bb\u00a0\u00bb,\u00a0\u00bbbreadcrumbs\u00a0\u00bb:false,\u00a0\u00bblight\u00a0\u00bb:false,\u00a0\u00bbalignment\u00a0\u00bb:\u00a0\u00bb\u00a0\u00bb}},\u00a0\u00bbsection_5ZtkF\u00a0\u00bb:{\u00ab\u00a0component\u00a0\u00bb:\u00a0\u00bbhc_section\u00a0\u00bb,\u00a0\u00bbid\u00a0\u00bb:\u00a0\u00bbsection_5ZtkF\u00a0\u00bb,\u00a0\u00bbsection_width\u00a0\u00bb:\u00a0\u00bb\u00a0\u00bb,\u00a0\u00bbanimation\u00a0\u00bb:\u00a0\u00bb\u00a0\u00bb,\u00a0\u00bbanimation_time\u00a0\u00bb:\u00a0\u00bb\u00a0\u00bb,\u00a0\u00bbtimeline_animation\u00a0\u00bb:\u00a0\u00bb\u00a0\u00bb,\u00a0\u00bbtimeline_delay\u00a0\u00bb:\u00a0\u00bb\u00a0\u00bb,\u00a0\u00bbtimeline_order\u00a0\u00bb:\u00a0\u00bb\u00a0\u00bb,\u00a0\u00bbvertical_row\u00a0\u00bb:\u00a0\u00bb\u00a0\u00bb,\u00a0\u00bbcss_classes\u00a0\u00bb:\u00a0\u00bb\u00a0\u00bb,\u00a0\u00bbcustom_css_classes\u00a0\u00bb:\u00a0\u00bb\u00a0\u00bb,\u00a0\u00bbcustom_css_styles\u00a0\u00bb:\u00a0\u00bb\u00a0\u00bb,\u00a0\u00bbsection_content\u00a0\u00bb:[{\u00ab\u00a0component\u00a0\u00bb:\u00a0\u00bbhc_column\u00a0\u00bb,\u00a0\u00bbid\u00a0\u00bb:\u00a0\u00bbcolumn_20erI\u00a0\u00bb,\u00a0\u00bbcolumn_width\u00a0\u00bb:\u00a0\u00bbcol-md-12&Prime;,\u00a0\u00bbanimation\u00a0\u00bb:\u00a0\u00bb\u00a0\u00bb,\u00a0\u00bbanimation_time\u00a0\u00bb:\u00a0\u00bb\u00a0\u00bb,\u00a0\u00bbtimeline_animation\u00a0\u00bb:\u00a0\u00bb\u00a0\u00bb,\u00a0\u00bbtimeline_delay\u00a0\u00bb:\u00a0\u00bb\u00a0\u00bb,\u00a0\u00bbtimeline_order\u00a0\u00bb:\u00a0\u00bb\u00a0\u00bb,\u00a0\u00bbcss_classes\u00a0\u00bb:\u00a0\u00bb\u00a0\u00bb,\u00a0\u00bbcustom_css_classes\u00a0\u00bb:\u00a0\u00bb\u00a0\u00bb,\u00a0\u00bbcustom_css_styles\u00a0\u00bb:\u00a0\u00bb\u00a0\u00bb,\u00a0\u00bbmain_content\u00a0\u00bb:[{\u00ab\u00a0component\u00a0\u00bb:\u00a0\u00bbhc_pt_grid_list\u00a0\u00bb,\u00a0\u00bbid\u00a0\u00bb:\u00a0\u00bbBtS2F\u00a0\u00bb,\u00a0\u00bbcss_classes\u00a0\u00bb:\u00a0\u00bb\u00a0\u00bb,\u00a0\u00bbcustom_css_classes\u00a0\u00bb:\u00a0\u00bb\u00a0\u00bb,\u00a0\u00bbcustom_css_styles\u00a0\u00bb:\u00a0\u00bb\u00a0\u00bb,\u00a0\u00bbpost_type_slug\u00a0\u00bb:\u00a0\u00bbevents\u00a0\u00bb,\u00a0\u00bbpost_type_category\u00a0\u00bb:\u00a0\u00bb\u00a0\u00bb,\u00a0\u00bbcolumn\u00a0\u00bb:\u00a0\u00bb1&Prime;,\u00a0\u00bbcolumn_lg\u00a0\u00bb:\u00a0\u00bb1&Prime;,\u00a0\u00bbcolumn_md\u00a0\u00bb:\u00a0\u00bb1&Prime;,\u00a0\u00bbcolumn_sm\u00a0\u00bb:\u00a0\u00bb1&Prime;,\u00a0\u00bbmargins\u00a0\u00bb:\u00a0\u00bb\u00a0\u00bb,\u00a0\u00bbpag_type\u00a0\u00bb:\u00a0\u00bb\u00a0\u00bb,\u00a0\u00bbpag_items\u00a0\u00bb:\u00a0\u00bb\u00a0\u00bb,\u00a0\u00bbbutton_size\u00a0\u00bb:\u00a0\u00bb\u00a0\u00bb,\u00a0\u00bbpag_animation\u00a0\u00bb:\u00a0\u00bb\u00a0\u00bb,\u00a0\u00bbpag_scroll_top\u00a0\u00bb:false,\u00a0\u00bbpag_position\u00a0\u00bb:\u00a0\u00bb\u00a0\u00bb,\u00a0\u00bbpag_button_prev\u00a0\u00bb:\u00a0\u00bb\u00a0\u00bb,\u00a0\u00bbpag_button_next\u00a0\u00bb:\u00a0\u00bb\u00a0\u00bb,\u00a0\u00bblm_lazy\u00a0\u00bb:false,\u00a0\u00bblm_button_text\u00a0\u00bb:\u00a0\u00bb\u00a0\u00bb,\u00a0\u00bbbox\u00a0\u00bb:\u00a0\u00bbside_content\u00a0\u00bb,\u00a0\u00bbboxed\u00a0\u00bb:false,\u00a0\u00bbextra\u00a0\u00bb:false,\u00a0\u00bbcontent\u00a0\u00bb:\u00a0\u00bb\u00a0\u00bb,\u00a0\u00bbtitle_length\u00a0\u00bb:\u00a0\u00bb\u00a0\u00bb,\u00a0\u00bbexcerpt_length\u00a0\u00bb:\u00a0\u00bb\u00a0\u00bb,\u00a0\u00bbtitle_size\u00a0\u00bb:\u00a0\u00bb\u00a0\u00bb,\u00a0\u00bbcustom_css\u00a0\u00bb:\u00a0\u00bb\u00a0\u00bb,\u00a0\u00bbbutton_text\u00a0\u00bb:\u00a0\u00bb\u00a0\u00bb,\u00a0\u00bbbutton_style\u00a0\u00bb:\u00a0\u00bbcircle\u00a0\u00bb,\u00a0\u00bbbutton_dimensions\u00a0\u00bb:\u00a0\u00bbbtn-lg\u00a0\u00bb,\u00a0\u00bbbutton_animation\u00a0\u00bb:false,\u00a0\u00bbbutton_icon\u00a0\u00bb:\u00a0\u00bb\u00a0\u00bb}]}],\u00a0\u00bbsection_settings\u00a0\u00bb:\u00a0\u00bb\u00a0\u00bb},\u00a0\u00bbscripts\u00a0\u00bb:{\u00ab\u00a0pagination\u00a0\u00bb:\u00a0\u00bbpagination.min.js\u00a0\u00bb},\u00a0\u00bbcss\u00a0\u00bb:{\u00ab\u00a0content_box\u00a0\u00bb:\u00a0\u00bbcss\/content-box.css\u00a0\u00bb,\u00a0\u00bbmedia_box\u00a0\u00bb:\u00a0\u00bbcss\/media-box.css\u00a0\u00bb},\u00a0\u00bbcss_page\u00a0\u00bb:\u00a0\u00bb\u00a0\u00bb,\u00a0\u00bbtemplate_setting\u00a0\u00bb:{},\u00a0\u00bbtemplate_setting_top\u00a0\u00bb:{},\u00a0\u00bbpage_setting\u00a0\u00bb:{\u00ab\u00a0settings\u00a0\u00bb:[\u00ab\u00a0lock-mode-off\u00a0\u00bb]}}<\/p>\n","protected":false},"excerpt":{"rendered":"<p>{\u00ab\u00a0main-title\u00a0\u00bb:{\u00ab\u00a0component\u00a0\u00bb:\u00a0\u00bbhc_title\u00a0\u00bb,\u00a0\u00bbid\u00a0\u00bb:\u00a0\u00bbmain-title\u00a0\u00bb,\u00a0\u00bbtitle\u00a0\u00bb:\u00a0\u00bb\u00a0\u00bb,\u00a0\u00bbsubtitle\u00a0\u00bb:\u00a0\u00bb\u00c9v\u00e9nements pass\u00e9s de cette saison\u00a0\u00bb,\u00a0\u00bbtitle_content\u00a0\u00bb:{\u00ab\u00a0component\u00a0\u00bb:\u00a0\u00bbhc_title_image\u00a0\u00bb,\u00a0\u00bbid\u00a0\u00bb:\u00a0\u00bbtitle-image\u00a0\u00bb,\u00a0\u00bbimage\u00a0\u00bb:\u00a0\u00bbhttps:\/\/popovalbert.com\/wp-content\/uploads\/2023\/06\/Screenshot-2023-06-24-at-17.02.31-1024&#215;414.png|464|1148|990101315&Prime;,\u00a0\u00bbfull_screen\u00a0\u00bb:false,\u00a0\u00bbfull_screen_height\u00a0\u00bb:\u00a0\u00bb\u00a0\u00bb,\u00a0\u00bbparallax\u00a0\u00bb:false,\u00a0\u00bbbleed\u00a0\u00bb:\u00a0\u00bb\u00a0\u00bb,\u00a0\u00bbken_burn\u00a0\u00bb:\u00a0\u00bb\u00a0\u00bb,\u00a0\u00bbbreadcrumbs\u00a0\u00bb:false,\u00a0\u00bblight\u00a0\u00bb:false,\u00a0\u00bbalignment\u00a0\u00bb:\u00a0\u00bb\u00a0\u00bb}},\u00a0\u00bbsection_5ZtkF\u00a0\u00bb:{\u00ab\u00a0component\u00a0\u00bb:\u00a0\u00bbhc_section\u00a0\u00bb,\u00a0\u00bbid\u00a0\u00bb:\u00a0\u00bbsection_5ZtkF\u00a0\u00bb,\u00a0\u00bbsection_width\u00a0\u00bb:\u00a0\u00bb\u00a0\u00bb,\u00a0\u00bbanimation\u00a0\u00bb:\u00a0\u00bb\u00a0\u00bb,\u00a0\u00bbanimation_time\u00a0\u00bb:\u00a0\u00bb\u00a0\u00bb,\u00a0\u00bbtimeline_animation\u00a0\u00bb:\u00a0\u00bb\u00a0\u00bb,\u00a0\u00bbtimeline_delay\u00a0\u00bb:\u00a0\u00bb\u00a0\u00bb,\u00a0\u00bbtimeline_order\u00a0\u00bb:\u00a0\u00bb\u00a0\u00bb,\u00a0\u00bbvertical_row\u00a0\u00bb:\u00a0\u00bb\u00a0\u00bb,\u00a0\u00bbcss_classes\u00a0\u00bb:\u00a0\u00bb\u00a0\u00bb,\u00a0\u00bbcustom_css_classes\u00a0\u00bb:\u00a0\u00bb\u00a0\u00bb,\u00a0\u00bbcustom_css_styles\u00a0\u00bb:\u00a0\u00bb\u00a0\u00bb,\u00a0\u00bbsection_content\u00a0\u00bb:[{\u00ab\u00a0component\u00a0\u00bb:\u00a0\u00bbhc_column\u00a0\u00bb,\u00a0\u00bbid\u00a0\u00bb:\u00a0\u00bbcolumn_20erI\u00a0\u00bb,\u00a0\u00bbcolumn_width\u00a0\u00bb:\u00a0\u00bbcol-md-12&Prime;,\u00a0\u00bbanimation\u00a0\u00bb:\u00a0\u00bb\u00a0\u00bb,\u00a0\u00bbanimation_time\u00a0\u00bb:\u00a0\u00bb\u00a0\u00bb,\u00a0\u00bbtimeline_animation\u00a0\u00bb:\u00a0\u00bb\u00a0\u00bb,\u00a0\u00bbtimeline_delay\u00a0\u00bb:\u00a0\u00bb\u00a0\u00bb,\u00a0\u00bbtimeline_order\u00a0\u00bb:\u00a0\u00bb\u00a0\u00bb,\u00a0\u00bbcss_classes\u00a0\u00bb:\u00a0\u00bb\u00a0\u00bb,\u00a0\u00bbcustom_css_classes\u00a0\u00bb:\u00a0\u00bb\u00a0\u00bb,\u00a0\u00bbcustom_css_styles\u00a0\u00bb:\u00a0\u00bb\u00a0\u00bb,\u00a0\u00bbmain_content\u00a0\u00bb:[{\u00ab\u00a0component\u00a0\u00bb:\u00a0\u00bbhc_pt_grid_list\u00a0\u00bb,\u00a0\u00bbid\u00a0\u00bb:\u00a0\u00bbBtS2F\u00a0\u00bb,\u00a0\u00bbcss_classes\u00a0\u00bb:\u00a0\u00bb\u00a0\u00bb,\u00a0\u00bbcustom_css_classes\u00a0\u00bb:\u00a0\u00bb\u00a0\u00bb,\u00a0\u00bbcustom_css_styles\u00a0\u00bb:\u00a0\u00bb\u00a0\u00bb,\u00a0\u00bbpost_type_slug\u00a0\u00bb:\u00a0\u00bbevents\u00a0\u00bb,\u00a0\u00bbpost_type_category\u00a0\u00bb:\u00a0\u00bb\u00a0\u00bb,\u00a0\u00bbcolumn\u00a0\u00bb:\u00a0\u00bb1&Prime;,\u00a0\u00bbcolumn_lg\u00a0\u00bb:\u00a0\u00bb1&Prime;,\u00a0\u00bbcolumn_md\u00a0\u00bb:\u00a0\u00bb1&Prime;,\u00a0\u00bbcolumn_sm\u00a0\u00bb:\u00a0\u00bb1&Prime;,\u00a0\u00bbmargins\u00a0\u00bb:\u00a0\u00bb\u00a0\u00bb,\u00a0\u00bbpag_type\u00a0\u00bb:\u00a0\u00bb\u00a0\u00bb,\u00a0\u00bbpag_items\u00a0\u00bb:\u00a0\u00bb\u00a0\u00bb,\u00a0\u00bbbutton_size\u00a0\u00bb:\u00a0\u00bb\u00a0\u00bb,\u00a0\u00bbpag_animation\u00a0\u00bb:\u00a0\u00bb\u00a0\u00bb,\u00a0\u00bbpag_scroll_top\u00a0\u00bb:false,\u00a0\u00bbpag_position\u00a0\u00bb:\u00a0\u00bb\u00a0\u00bb,\u00a0\u00bbpag_button_prev\u00a0\u00bb:\u00a0\u00bb\u00a0\u00bb,\u00a0\u00bbpag_button_next\u00a0\u00bb:\u00a0\u00bb\u00a0\u00bb,\u00a0\u00bblm_lazy\u00a0\u00bb:false,\u00a0\u00bblm_button_text\u00a0\u00bb:\u00a0\u00bb\u00a0\u00bb,\u00a0\u00bbbox\u00a0\u00bb:\u00a0\u00bbside_content\u00a0\u00bb,\u00a0\u00bbboxed\u00a0\u00bb:false,\u00a0\u00bbextra\u00a0\u00bb:false,\u00a0\u00bbcontent\u00a0\u00bb:\u00a0\u00bb\u00a0\u00bb,\u00a0\u00bbtitle_length\u00a0\u00bb:\u00a0\u00bb\u00a0\u00bb,\u00a0\u00bbexcerpt_length\u00a0\u00bb:\u00a0\u00bb\u00a0\u00bb,\u00a0\u00bbtitle_size\u00a0\u00bb:\u00a0\u00bb\u00a0\u00bb,\u00a0\u00bbcustom_css\u00a0\u00bb:\u00a0\u00bb\u00a0\u00bb,\u00a0\u00bbbutton_text\u00a0\u00bb:\u00a0\u00bb\u00a0\u00bb,\u00a0\u00bbbutton_style\u00a0\u00bb:\u00a0\u00bbcircle\u00a0\u00bb,\u00a0\u00bbbutton_dimensions\u00a0\u00bb:\u00a0\u00bbbtn-lg\u00a0\u00bb,\u00a0\u00bbbutton_animation\u00a0\u00bb:false,\u00a0\u00bbbutton_icon\u00a0\u00bb:\u00a0\u00bb\u00a0\u00bb}]}],\u00a0\u00bbsection_settings\u00a0\u00bb:\u00a0\u00bb\u00a0\u00bb},\u00a0\u00bbscripts\u00a0\u00bb:{\u00ab\u00a0pagination\u00a0\u00bb:\u00a0\u00bbpagination.min.js\u00a0\u00bb},\u00a0\u00bbcss\u00a0\u00bb:{\u00ab\u00a0content_box\u00a0\u00bb:\u00a0\u00bbcss\/content-box.css\u00a0\u00bb,\u00a0\u00bbmedia_box\u00a0\u00bb:\u00a0\u00bbcss\/media-box.css\u00a0\u00bb},\u00a0\u00bbcss_page\u00a0\u00bb:\u00a0\u00bb\u00a0\u00bb,\u00a0\u00bbtemplate_setting\u00a0\u00bb:{},\u00a0\u00bbtemplate_setting_top\u00a0\u00bb:{},\u00a0\u00bbpage_setting\u00a0\u00bb:{\u00ab\u00a0settings\u00a0\u00bb:[\u00ab\u00a0lock-mode-off\u00a0\u00bb]}}<\/p>\n","protected":false},"author":1,"featured_media":990104177,"parent":0,"menu_order":0,"comment_status":"closed","ping_status":"closed","template":"","meta":{"_monsterinsights_skip_tracking":false,"_monsterinsights_sitenote_active":false,"_monsterinsights_sitenote_note":"","_monsterinsights_sitenote_category":0,"_uf_show_specific_survey":0,"_uf_disable_surveys":false,"footnotes":""},"class_list":["post-990104293","page","type-page","status-publish","has-post-thumbnail","hentry"],"yoast_head":"<!-- This site is optimized with the Yoast SEO plugin v26.3 - https:\/\/yoast.com\/wordpress\/plugins\/seo\/ -->\n<title>\u00c9v\u00e9nements pass\u00e9s - Albert Popov<\/title>\n<meta name=\"description\" content=\"Les derni\u00e8res \u00e9preuves de la Coupe du monde de slalom auxquelles Albert Popov a particip\u00e9 cette saison. Avec des informations r\u00e9sum\u00e9es pour chaque course.\" \/>\n<meta name=\"robots\" content=\"index, follow, max-snippet:-1, max-image-preview:large, max-video-preview:-1\" \/>\n<link rel=\"canonical\" href=\"https:\/\/popovalbert.com\/fr\/evenements-passes\/\" \/>\n<meta property=\"og:locale\" content=\"fr_FR\" \/>\n<meta property=\"og:type\" content=\"article\" \/>\n<meta property=\"og:title\" content=\"\u00c9v\u00e9nements pass\u00e9s - Albert Popov\" \/>\n<meta property=\"og:description\" content=\"Les derni\u00e8res \u00e9preuves de la Coupe du monde de slalom auxquelles Albert Popov a particip\u00e9 cette saison. Avec des informations r\u00e9sum\u00e9es pour chaque course.\" \/>\n<meta property=\"og:url\" content=\"https:\/\/popovalbert.com\/fr\/evenements-passes\/\" \/>\n<meta property=\"og:site_name\" content=\"Albert Popov\" \/>\n<meta property=\"article:modified_time\" content=\"2023-12-08T08:46:59+00:00\" \/>\n<meta property=\"og:image\" content=\"https:\/\/popovalbert.com\/wp-content\/uploads\/2023\/10\/Submark_Vermilion.png\" \/>\n\t<meta property=\"og:image:width\" content=\"1281\" \/>\n\t<meta property=\"og:image:height\" content=\"1316\" \/>\n\t<meta property=\"og:image:type\" content=\"image\/png\" \/>\n<meta name=\"twitter:card\" content=\"summary_large_image\" \/>\n<meta name=\"twitter:label1\" content=\"Dur\u00e9e de lecture estim\u00e9e\" \/>\n\t<meta name=\"twitter:data1\" content=\"1 minute\" \/>\n<script type=\"application\/ld+json\" class=\"yoast-schema-graph\">{\"@context\":\"https:\/\/schema.org\",\"@graph\":[{\"@type\":\"WebPage\",\"@id\":\"https:\/\/popovalbert.com\/fr\/evenements-passes\/\",\"url\":\"https:\/\/popovalbert.com\/fr\/evenements-passes\/\",\"name\":\"\u00c9v\u00e9nements pass\u00e9s - Albert Popov\",\"isPartOf\":{\"@id\":\"https:\/\/popovalbert.com\/fr\/#website\"},\"primaryImageOfPage\":{\"@id\":\"https:\/\/popovalbert.com\/fr\/evenements-passes\/#primaryimage\"},\"image\":{\"@id\":\"https:\/\/popovalbert.com\/fr\/evenements-passes\/#primaryimage\"},\"thumbnailUrl\":\"https:\/\/popovalbert.com\/wp-content\/uploads\/2023\/10\/Submark_Vermilion.png\",\"datePublished\":\"2023-12-08T08:43:58+00:00\",\"dateModified\":\"2023-12-08T08:46:59+00:00\",\"description\":\"Les derni\u00e8res \u00e9preuves de la Coupe du monde de slalom auxquelles Albert Popov a particip\u00e9 cette saison. Avec des informations r\u00e9sum\u00e9es pour chaque course.\",\"breadcrumb\":{\"@id\":\"https:\/\/popovalbert.com\/fr\/evenements-passes\/#breadcrumb\"},\"inLanguage\":\"fr-FR\",\"potentialAction\":[{\"@type\":\"ReadAction\",\"target\":[\"https:\/\/popovalbert.com\/fr\/evenements-passes\/\"]}]},{\"@type\":\"ImageObject\",\"inLanguage\":\"fr-FR\",\"@id\":\"https:\/\/popovalbert.com\/fr\/evenements-passes\/#primaryimage\",\"url\":\"https:\/\/popovalbert.com\/wp-content\/uploads\/2023\/10\/Submark_Vermilion.png\",\"contentUrl\":\"https:\/\/popovalbert.com\/wp-content\/uploads\/2023\/10\/Submark_Vermilion.png\",\"width\":1281,\"height\":1316},{\"@type\":\"BreadcrumbList\",\"@id\":\"https:\/\/popovalbert.com\/fr\/evenements-passes\/#breadcrumb\",\"itemListElement\":[{\"@type\":\"ListItem\",\"position\":1,\"name\":\"Home\",\"item\":\"https:\/\/popovalbert.com\/fr\/\"},{\"@type\":\"ListItem\",\"position\":2,\"name\":\"\u00c9v\u00e9nements pass\u00e9s\"}]},{\"@type\":\"WebSite\",\"@id\":\"https:\/\/popovalbert.com\/fr\/#website\",\"url\":\"https:\/\/popovalbert.com\/fr\/\",\"name\":\"Albert Popov\",\"description\":\"Adjusting the altitude\",\"publisher\":{\"@id\":\"https:\/\/popovalbert.com\/fr\/#\/schema\/person\/d193c88ec89b37effbf9dd0771d0c334\"},\"potentialAction\":[{\"@type\":\"SearchAction\",\"target\":{\"@type\":\"EntryPoint\",\"urlTemplate\":\"https:\/\/popovalbert.com\/fr\/?s={search_term_string}\"},\"query-input\":{\"@type\":\"PropertyValueSpecification\",\"valueRequired\":true,\"valueName\":\"search_term_string\"}}],\"inLanguage\":\"fr-FR\"},{\"@type\":[\"Person\",\"Organization\"],\"@id\":\"https:\/\/popovalbert.com\/fr\/#\/schema\/person\/d193c88ec89b37effbf9dd0771d0c334\",\"name\":\"Team Albert Popov\",\"image\":{\"@type\":\"ImageObject\",\"inLanguage\":\"fr-FR\",\"@id\":\"https:\/\/popovalbert.com\/fr\/#\/schema\/person\/image\/\",\"url\":\"https:\/\/popovalbert.com\/wp-content\/uploads\/2023\/06\/Icon_Vermilion.png\",\"contentUrl\":\"https:\/\/popovalbert.com\/wp-content\/uploads\/2023\/06\/Icon_Vermilion.png\",\"width\":1281,\"height\":734,\"caption\":\"Team Albert Popov\"},\"logo\":{\"@id\":\"https:\/\/popovalbert.com\/fr\/#\/schema\/person\/image\/\"},\"sameAs\":[\"https:\/\/popovalbert.com\"]}]}<\/script>\n<!-- \/ Yoast SEO plugin. -->","yoast_head_json":{"title":"\u00c9v\u00e9nements pass\u00e9s - Albert Popov","description":"Les derni\u00e8res \u00e9preuves de la Coupe du monde de slalom auxquelles Albert Popov a particip\u00e9 cette saison. Avec des informations r\u00e9sum\u00e9es pour chaque course.","robots":{"index":"index","follow":"follow","max-snippet":"max-snippet:-1","max-image-preview":"max-image-preview:large","max-video-preview":"max-video-preview:-1"},"canonical":"https:\/\/popovalbert.com\/fr\/evenements-passes\/","og_locale":"fr_FR","og_type":"article","og_title":"\u00c9v\u00e9nements pass\u00e9s - Albert Popov","og_description":"Les derni\u00e8res \u00e9preuves de la Coupe du monde de slalom auxquelles Albert Popov a particip\u00e9 cette saison. Avec des informations r\u00e9sum\u00e9es pour chaque course.","og_url":"https:\/\/popovalbert.com\/fr\/evenements-passes\/","og_site_name":"Albert Popov","article_modified_time":"2023-12-08T08:46:59+00:00","og_image":[{"width":1281,"height":1316,"url":"https:\/\/popovalbert.com\/wp-content\/uploads\/2023\/10\/Submark_Vermilion.png","type":"image\/png"}],"twitter_card":"summary_large_image","twitter_misc":{"Dur\u00e9e de lecture estim\u00e9e":"1 minute"},"schema":{"@context":"https:\/\/schema.org","@graph":[{"@type":"WebPage","@id":"https:\/\/popovalbert.com\/fr\/evenements-passes\/","url":"https:\/\/popovalbert.com\/fr\/evenements-passes\/","name":"\u00c9v\u00e9nements pass\u00e9s - Albert Popov","isPartOf":{"@id":"https:\/\/popovalbert.com\/fr\/#website"},"primaryImageOfPage":{"@id":"https:\/\/popovalbert.com\/fr\/evenements-passes\/#primaryimage"},"image":{"@id":"https:\/\/popovalbert.com\/fr\/evenements-passes\/#primaryimage"},"thumbnailUrl":"https:\/\/popovalbert.com\/wp-content\/uploads\/2023\/10\/Submark_Vermilion.png","datePublished":"2023-12-08T08:43:58+00:00","dateModified":"2023-12-08T08:46:59+00:00","description":"Les derni\u00e8res \u00e9preuves de la Coupe du monde de slalom auxquelles Albert Popov a particip\u00e9 cette saison. Avec des informations r\u00e9sum\u00e9es pour chaque course.","breadcrumb":{"@id":"https:\/\/popovalbert.com\/fr\/evenements-passes\/#breadcrumb"},"inLanguage":"fr-FR","potentialAction":[{"@type":"ReadAction","target":["https:\/\/popovalbert.com\/fr\/evenements-passes\/"]}]},{"@type":"ImageObject","inLanguage":"fr-FR","@id":"https:\/\/popovalbert.com\/fr\/evenements-passes\/#primaryimage","url":"https:\/\/popovalbert.com\/wp-content\/uploads\/2023\/10\/Submark_Vermilion.png","contentUrl":"https:\/\/popovalbert.com\/wp-content\/uploads\/2023\/10\/Submark_Vermilion.png","width":1281,"height":1316},{"@type":"BreadcrumbList","@id":"https:\/\/popovalbert.com\/fr\/evenements-passes\/#breadcrumb","itemListElement":[{"@type":"ListItem","position":1,"name":"Home","item":"https:\/\/popovalbert.com\/fr\/"},{"@type":"ListItem","position":2,"name":"\u00c9v\u00e9nements pass\u00e9s"}]},{"@type":"WebSite","@id":"https:\/\/popovalbert.com\/fr\/#website","url":"https:\/\/popovalbert.com\/fr\/","name":"Albert Popov","description":"Adjusting the altitude","publisher":{"@id":"https:\/\/popovalbert.com\/fr\/#\/schema\/person\/d193c88ec89b37effbf9dd0771d0c334"},"potentialAction":[{"@type":"SearchAction","target":{"@type":"EntryPoint","urlTemplate":"https:\/\/popovalbert.com\/fr\/?s={search_term_string}"},"query-input":{"@type":"PropertyValueSpecification","valueRequired":true,"valueName":"search_term_string"}}],"inLanguage":"fr-FR"},{"@type":["Person","Organization"],"@id":"https:\/\/popovalbert.com\/fr\/#\/schema\/person\/d193c88ec89b37effbf9dd0771d0c334","name":"Team Albert Popov","image":{"@type":"ImageObject","inLanguage":"fr-FR","@id":"https:\/\/popovalbert.com\/fr\/#\/schema\/person\/image\/","url":"https:\/\/popovalbert.com\/wp-content\/uploads\/2023\/06\/Icon_Vermilion.png","contentUrl":"https:\/\/popovalbert.com\/wp-content\/uploads\/2023\/06\/Icon_Vermilion.png","width":1281,"height":734,"caption":"Team Albert Popov"},"logo":{"@id":"https:\/\/popovalbert.com\/fr\/#\/schema\/person\/image\/"},"sameAs":["https:\/\/popovalbert.com"]}]}},"_links":{"self":[{"href":"https:\/\/popovalbert.com\/fr\/wp-json\/wp\/v2\/pages\/990104293","targetHints":{"allow":["GET"]}}],"collection":[{"href":"https:\/\/popovalbert.com\/fr\/wp-json\/wp\/v2\/pages"}],"about":[{"href":"https:\/\/popovalbert.com\/fr\/wp-json\/wp\/v2\/types\/page"}],"author":[{"embeddable":true,"href":"https:\/\/popovalbert.com\/fr\/wp-json\/wp\/v2\/users\/1"}],"replies":[{"embeddable":true,"href":"https:\/\/popovalbert.com\/fr\/wp-json\/wp\/v2\/comments?post=990104293"}],"version-history":[{"count":1,"href":"https:\/\/popovalbert.com\/fr\/wp-json\/wp\/v2\/pages\/990104293\/revisions"}],"predecessor-version":[{"id":990104296,"href":"https:\/\/popovalbert.com\/fr\/wp-json\/wp\/v2\/pages\/990104293\/revisions\/990104296"}],"wp:featuredmedia":[{"embeddable":true,"href":"https:\/\/popovalbert.com\/fr\/wp-json\/wp\/v2\/media\/990104177"}],"wp:attachment":[{"href":"https:\/\/popovalbert.com\/fr\/wp-json\/wp\/v2\/media?parent=990104293"}],"curies":[{"name":"wp","href":"https:\/\/api.w.org\/{rel}","templated":true}]}}